{"id":141,"date":"2021-06-30T15:45:44","date_gmt":"2021-06-30T13:45:44","guid":{"rendered":"http:\/\/localhost:8888\/cuistax\/?page_id=141"},"modified":"2025-11-03T10:31:17","modified_gmt":"2025-11-03T09:31:17","slug":"se-procurer-cuistax","status":"publish","type":"page","link":"https:\/\/cuistaxfanzine.com\/fr\/se-procurer-cuistax\/","title":{"rendered":"Se procurer Cuistax"},"content":{"rendered":"\n<p>Nous avons arr\u00eat\u00e9 la production du fanzine en juin 2024 !<\/p>\n\n\n\n<p>N\u2019h\u00e9sitez pas \u00e0 nous envoyer un mail pour savoir dans quelle librairie nous trouver. Les envois postaux ne sont plus disponibles malheureusement (co\u00fbts postaux devenus trop chers !) Et une remise en main propre \u00e0 Bruxelles est possible. Tous nos premiers num\u00e9ros sont sold out, seuls les suivants sont disponibles: num\u00e9ros 8, 13, La Furia et Compilax. <\/p>\n","protected":false},"excerpt":{"rendered":"<p>Nous avons arr\u00eat\u00e9 la production du fanzine en juin 2024 ! N\u2019h\u00e9sitez pas \u00e0 nous envoyer un mail pour savoir dans quelle librairie nous trouver. Les envois postaux ne sont plus disponibles malheureusement (co\u00fbts postaux devenus trop chers !) Et une remise en main propre \u00e0 Bruxelles est possible. Tous nos premiers num\u00e9ros sont sold [&hellip;]<\/p>\n","protected":false},"author":1,"featured_media":0,"parent":0,"menu_order":0,"comment_status":"closed","ping_status":"closed","template":"","meta":{"footnotes":""},"acf":[],"yoast_head":"<!-- This site is optimized with the Yoast SEO plugin v23.0 - https:\/\/yoast.com\/wordpress\/plugins\/seo\/ -->\n<title>Se procurer Cuistax &#8212; Cuistax<\/title>\n<meta name=\"robots\" content=\"index, follow, max-snippet:-1, max-image-preview:large, max-video-preview:-1\" \/>\n<link rel=\"canonical\" href=\"https:\/\/cuistaxfanzine.com\/fr\/se-procurer-cuistax\/\" \/>\n<meta property=\"og:locale\" content=\"fr_FR\" \/>\n<meta property=\"og:type\" content=\"article\" \/>\n<meta property=\"og:title\" content=\"Se procurer Cuistax &#8212; Cuistax\" \/>\n<meta property=\"og:description\" content=\"Nous avons arr\u00eat\u00e9 la production du fanzine en juin 2024 ! N\u2019h\u00e9sitez pas \u00e0 nous envoyer un mail pour savoir dans quelle librairie nous trouver. Les envois postaux ne sont plus disponibles malheureusement (co\u00fbts postaux devenus trop chers !) Et une remise en main propre \u00e0 Bruxelles est possible. Tous nos premiers num\u00e9ros sont sold [&hellip;]\" \/>\n<meta property=\"og:url\" content=\"https:\/\/cuistaxfanzine.com\/fr\/se-procurer-cuistax\/\" \/>\n<meta property=\"og:site_name\" content=\"Cuistax\" \/>\n<meta property=\"article:modified_time\" content=\"2025-11-03T09:31:17+00:00\" \/>\n<meta name=\"twitter:card\" content=\"summary_large_image\" \/>\n<meta name=\"twitter:label1\" content=\"Dur\u00e9e de lecture estim\u00e9e\" \/>\n\t<meta name=\"twitter:data1\" content=\"1 minute\" \/>\n<script type=\"application\/ld+json\" class=\"yoast-schema-graph\">{\"@context\":\"https:\/\/schema.org\",\"@graph\":[{\"@type\":\"WebPage\",\"@id\":\"https:\/\/cuistaxfanzine.com\/fr\/se-procurer-cuistax\/\",\"url\":\"https:\/\/cuistaxfanzine.com\/fr\/se-procurer-cuistax\/\",\"name\":\"Se procurer Cuistax &#8212; Cuistax\",\"isPartOf\":{\"@id\":\"https:\/\/cuistaxfanzine.com\/fr\/#website\"},\"datePublished\":\"2021-06-30T13:45:44+00:00\",\"dateModified\":\"2025-11-03T09:31:17+00:00\",\"breadcrumb\":{\"@id\":\"https:\/\/cuistaxfanzine.com\/fr\/se-procurer-cuistax\/#breadcrumb\"},\"inLanguage\":\"fr-FR\",\"potentialAction\":[{\"@type\":\"ReadAction\",\"target\":[\"https:\/\/cuistaxfanzine.com\/fr\/se-procurer-cuistax\/\"]}]},{\"@type\":\"BreadcrumbList\",\"@id\":\"https:\/\/cuistaxfanzine.com\/fr\/se-procurer-cuistax\/#breadcrumb\",\"itemListElement\":[{\"@type\":\"ListItem\",\"position\":1,\"name\":\"Accueil\",\"item\":\"https:\/\/cuistaxfanzine.com\/fr\/\"},{\"@type\":\"ListItem\",\"position\":2,\"name\":\"Se procurer Cuistax\"}]},{\"@type\":\"WebSite\",\"@id\":\"https:\/\/cuistaxfanzine.com\/fr\/#website\",\"url\":\"https:\/\/cuistaxfanzine.com\/fr\/\",\"name\":\"Cuistax\",\"description\":\"\",\"potentialAction\":[{\"@type\":\"SearchAction\",\"target\":{\"@type\":\"EntryPoint\",\"urlTemplate\":\"https:\/\/cuistaxfanzine.com\/fr\/?s={search_term_string}\"},\"query-input\":\"required name=search_term_string\"}],\"inLanguage\":\"fr-FR\"}]}<\/script>\n<!-- \/ Yoast SEO plugin. -->","yoast_head_json":{"title":"Se procurer Cuistax &#8212; Cuistax","robots":{"index":"index","follow":"follow","max-snippet":"max-snippet:-1","max-image-preview":"max-image-preview:large","max-video-preview":"max-video-preview:-1"},"canonical":"https:\/\/cuistaxfanzine.com\/fr\/se-procurer-cuistax\/","og_locale":"fr_FR","og_type":"article","og_title":"Se procurer Cuistax &#8212; Cuistax","og_description":"Nous avons arr\u00eat\u00e9 la production du fanzine en juin 2024 ! N\u2019h\u00e9sitez pas \u00e0 nous envoyer un mail pour savoir dans quelle librairie nous trouver. Les envois postaux ne sont plus disponibles malheureusement (co\u00fbts postaux devenus trop chers !) Et une remise en main propre \u00e0 Bruxelles est possible. Tous nos premiers num\u00e9ros sont sold [&hellip;]","og_url":"https:\/\/cuistaxfanzine.com\/fr\/se-procurer-cuistax\/","og_site_name":"Cuistax","article_modified_time":"2025-11-03T09:31:17+00:00","twitter_card":"summary_large_image","twitter_misc":{"Dur\u00e9e de lecture estim\u00e9e":"1 minute"},"schema":{"@context":"https:\/\/schema.org","@graph":[{"@type":"WebPage","@id":"https:\/\/cuistaxfanzine.com\/fr\/se-procurer-cuistax\/","url":"https:\/\/cuistaxfanzine.com\/fr\/se-procurer-cuistax\/","name":"Se procurer Cuistax &#8212; Cuistax","isPartOf":{"@id":"https:\/\/cuistaxfanzine.com\/fr\/#website"},"datePublished":"2021-06-30T13:45:44+00:00","dateModified":"2025-11-03T09:31:17+00:00","breadcrumb":{"@id":"https:\/\/cuistaxfanzine.com\/fr\/se-procurer-cuistax\/#breadcrumb"},"inLanguage":"fr-FR","potentialAction":[{"@type":"ReadAction","target":["https:\/\/cuistaxfanzine.com\/fr\/se-procurer-cuistax\/"]}]},{"@type":"BreadcrumbList","@id":"https:\/\/cuistaxfanzine.com\/fr\/se-procurer-cuistax\/#breadcrumb","itemListElement":[{"@type":"ListItem","position":1,"name":"Accueil","item":"https:\/\/cuistaxfanzine.com\/fr\/"},{"@type":"ListItem","position":2,"name":"Se procurer Cuistax"}]},{"@type":"WebSite","@id":"https:\/\/cuistaxfanzine.com\/fr\/#website","url":"https:\/\/cuistaxfanzine.com\/fr\/","name":"Cuistax","description":"","potentialAction":[{"@type":"SearchAction","target":{"@type":"EntryPoint","urlTemplate":"https:\/\/cuistaxfanzine.com\/fr\/?s={search_term_string}"},"query-input":"required name=search_term_string"}],"inLanguage":"fr-FR"}]}},"_links":{"self":[{"href":"https:\/\/cuistaxfanzine.com\/fr\/wp-json\/wp\/v2\/pages\/141"}],"collection":[{"href":"https:\/\/cuistaxfanzine.com\/fr\/wp-json\/wp\/v2\/pages"}],"about":[{"href":"https:\/\/cuistaxfanzine.com\/fr\/wp-json\/wp\/v2\/types\/page"}],"author":[{"embeddable":true,"href":"https:\/\/cuistaxfanzine.com\/fr\/wp-json\/wp\/v2\/users\/1"}],"replies":[{"embeddable":true,"href":"https:\/\/cuistaxfanzine.com\/fr\/wp-json\/wp\/v2\/comments?post=141"}],"version-history":[{"count":39,"href":"https:\/\/cuistaxfanzine.com\/fr\/wp-json\/wp\/v2\/pages\/141\/revisions"}],"predecessor-version":[{"id":3137,"href":"https:\/\/cuistaxfanzine.com\/fr\/wp-json\/wp\/v2\/pages\/141\/revisions\/3137"}],"wp:attachment":[{"href":"https:\/\/cuistaxfanzine.com\/fr\/wp-json\/wp\/v2\/media?parent=141"}],"curies":[{"name":"wp","href":"https:\/\/api.w.org\/{rel}","templated":true}]}}