{"id":19,"date":"2021-06-17T18:03:44","date_gmt":"2021-06-17T16:03:44","guid":{"rendered":"http:\/\/localhost:8888\/cuistax\/?page_id=19"},"modified":"2021-12-01T14:26:28","modified_gmt":"2021-12-01T13:26:28","slug":"ateliers","status":"publish","type":"page","link":"https:\/\/cuistaxfanzine.com\/fr\/ateliers\/","title":{"rendered":"Ateliers"},"content":{"rendered":"\n<p>Nous donnons r\u00e9guli\u00e8rement des ateliers pour enfants et adultes en partant des th\u00e8mes, couleurs ou technique li\u00e9 aux publications. N\u2019h\u00e9sitez pas \u00e0 nous contacter pour toute demande d\u2019atelier et de workshops.<\/p>\n","protected":false},"excerpt":{"rendered":"<p>Nous donnons r\u00e9guli\u00e8rement des ateliers pour enfants et adultes en partant des th\u00e8mes, couleurs ou technique li\u00e9 aux publications. N\u2019h\u00e9sitez pas \u00e0 nous contacter pour toute demande d\u2019atelier et de workshops.<\/p>\n","protected":false},"author":1,"featured_media":0,"parent":0,"menu_order":0,"comment_status":"closed","ping_status":"closed","template":"","meta":{"footnotes":""},"acf":[],"yoast_head":"<!-- This site is optimized with the Yoast SEO plugin v23.0 - https:\/\/yoast.com\/wordpress\/plugins\/seo\/ -->\n<title>Ateliers &#8212; Cuistax<\/title>\n<meta name=\"robots\" content=\"index, follow, max-snippet:-1, max-image-preview:large, max-video-preview:-1\" \/>\n<link rel=\"canonical\" href=\"https:\/\/cuistaxfanzine.com\/fr\/ateliers\/\" \/>\n<meta property=\"og:locale\" content=\"fr_FR\" \/>\n<meta property=\"og:type\" content=\"article\" \/>\n<meta property=\"og:title\" content=\"Ateliers &#8212; Cuistax\" \/>\n<meta property=\"og:description\" content=\"Nous donnons r\u00e9guli\u00e8rement des ateliers pour enfants et adultes en partant des th\u00e8mes, couleurs ou technique li\u00e9 aux publications. N\u2019h\u00e9sitez pas \u00e0 nous contacter pour toute demande d\u2019atelier et de workshops.\" \/>\n<meta property=\"og:url\" content=\"https:\/\/cuistaxfanzine.com\/fr\/ateliers\/\" \/>\n<meta property=\"og:site_name\" content=\"Cuistax\" \/>\n<meta property=\"article:modified_time\" content=\"2021-12-01T13:26:28+00:00\" \/>\n<meta name=\"twitter:card\" content=\"summary_large_image\" \/>\n<meta name=\"twitter:label1\" content=\"Dur\u00e9e de lecture estim\u00e9e\" \/>\n\t<meta name=\"twitter:data1\" content=\"1 minute\" \/>\n<script type=\"application\/ld+json\" class=\"yoast-schema-graph\">{\"@context\":\"https:\/\/schema.org\",\"@graph\":[{\"@type\":\"WebPage\",\"@id\":\"https:\/\/cuistaxfanzine.com\/fr\/ateliers\/\",\"url\":\"https:\/\/cuistaxfanzine.com\/fr\/ateliers\/\",\"name\":\"Ateliers &#8212; Cuistax\",\"isPartOf\":{\"@id\":\"https:\/\/cuistaxfanzine.com\/fr\/#website\"},\"datePublished\":\"2021-06-17T16:03:44+00:00\",\"dateModified\":\"2021-12-01T13:26:28+00:00\",\"breadcrumb\":{\"@id\":\"https:\/\/cuistaxfanzine.com\/fr\/ateliers\/#breadcrumb\"},\"inLanguage\":\"fr-FR\",\"potentialAction\":[{\"@type\":\"ReadAction\",\"target\":[\"https:\/\/cuistaxfanzine.com\/fr\/ateliers\/\"]}]},{\"@type\":\"BreadcrumbList\",\"@id\":\"https:\/\/cuistaxfanzine.com\/fr\/ateliers\/#breadcrumb\",\"itemListElement\":[{\"@type\":\"ListItem\",\"position\":1,\"name\":\"Accueil\",\"item\":\"https:\/\/cuistaxfanzine.com\/fr\/\"},{\"@type\":\"ListItem\",\"position\":2,\"name\":\"Ateliers\"}]},{\"@type\":\"WebSite\",\"@id\":\"https:\/\/cuistaxfanzine.com\/fr\/#website\",\"url\":\"https:\/\/cuistaxfanzine.com\/fr\/\",\"name\":\"Cuistax\",\"description\":\"\",\"potentialAction\":[{\"@type\":\"SearchAction\",\"target\":{\"@type\":\"EntryPoint\",\"urlTemplate\":\"https:\/\/cuistaxfanzine.com\/fr\/?s={search_term_string}\"},\"query-input\":\"required name=search_term_string\"}],\"inLanguage\":\"fr-FR\"}]}<\/script>\n<!-- \/ Yoast SEO plugin. -->","yoast_head_json":{"title":"Ateliers &#8212; Cuistax","robots":{"index":"index","follow":"follow","max-snippet":"max-snippet:-1","max-image-preview":"max-image-preview:large","max-video-preview":"max-video-preview:-1"},"canonical":"https:\/\/cuistaxfanzine.com\/fr\/ateliers\/","og_locale":"fr_FR","og_type":"article","og_title":"Ateliers &#8212; Cuistax","og_description":"Nous donnons r\u00e9guli\u00e8rement des ateliers pour enfants et adultes en partant des th\u00e8mes, couleurs ou technique li\u00e9 aux publications. N\u2019h\u00e9sitez pas \u00e0 nous contacter pour toute demande d\u2019atelier et de workshops.","og_url":"https:\/\/cuistaxfanzine.com\/fr\/ateliers\/","og_site_name":"Cuistax","article_modified_time":"2021-12-01T13:26:28+00:00","twitter_card":"summary_large_image","twitter_misc":{"Dur\u00e9e de lecture estim\u00e9e":"1 minute"},"schema":{"@context":"https:\/\/schema.org","@graph":[{"@type":"WebPage","@id":"https:\/\/cuistaxfanzine.com\/fr\/ateliers\/","url":"https:\/\/cuistaxfanzine.com\/fr\/ateliers\/","name":"Ateliers &#8212; Cuistax","isPartOf":{"@id":"https:\/\/cuistaxfanzine.com\/fr\/#website"},"datePublished":"2021-06-17T16:03:44+00:00","dateModified":"2021-12-01T13:26:28+00:00","breadcrumb":{"@id":"https:\/\/cuistaxfanzine.com\/fr\/ateliers\/#breadcrumb"},"inLanguage":"fr-FR","potentialAction":[{"@type":"ReadAction","target":["https:\/\/cuistaxfanzine.com\/fr\/ateliers\/"]}]},{"@type":"BreadcrumbList","@id":"https:\/\/cuistaxfanzine.com\/fr\/ateliers\/#breadcrumb","itemListElement":[{"@type":"ListItem","position":1,"name":"Accueil","item":"https:\/\/cuistaxfanzine.com\/fr\/"},{"@type":"ListItem","position":2,"name":"Ateliers"}]},{"@type":"WebSite","@id":"https:\/\/cuistaxfanzine.com\/fr\/#website","url":"https:\/\/cuistaxfanzine.com\/fr\/","name":"Cuistax","description":"","potentialAction":[{"@type":"SearchAction","target":{"@type":"EntryPoint","urlTemplate":"https:\/\/cuistaxfanzine.com\/fr\/?s={search_term_string}"},"query-input":"required name=search_term_string"}],"inLanguage":"fr-FR"}]}},"_links":{"self":[{"href":"https:\/\/cuistaxfanzine.com\/fr\/wp-json\/wp\/v2\/pages\/19"}],"collection":[{"href":"https:\/\/cuistaxfanzine.com\/fr\/wp-json\/wp\/v2\/pages"}],"about":[{"href":"https:\/\/cuistaxfanzine.com\/fr\/wp-json\/wp\/v2\/types\/page"}],"author":[{"embeddable":true,"href":"https:\/\/cuistaxfanzine.com\/fr\/wp-json\/wp\/v2\/users\/1"}],"replies":[{"embeddable":true,"href":"https:\/\/cuistaxfanzine.com\/fr\/wp-json\/wp\/v2\/comments?post=19"}],"version-history":[{"count":26,"href":"https:\/\/cuistaxfanzine.com\/fr\/wp-json\/wp\/v2\/pages\/19\/revisions"}],"predecessor-version":[{"id":1876,"href":"https:\/\/cuistaxfanzine.com\/fr\/wp-json\/wp\/v2\/pages\/19\/revisions\/1876"}],"wp:attachment":[{"href":"https:\/\/cuistaxfanzine.com\/fr\/wp-json\/wp\/v2\/media?parent=19"}],"curies":[{"name":"wp","href":"https:\/\/api.w.org\/{rel}","templated":true}]}}