{"id":2521,"date":"2022-02-09T10:21:48","date_gmt":"2022-02-09T09:21:48","guid":{"rendered":"https:\/\/cuistaxfanzine.com\/?page_id=2521"},"modified":"2022-07-06T13:28:25","modified_gmt":"2022-07-06T11:28:25","slug":"la-femme-squelette-my-atlegrim","status":"publish","type":"page","link":"https:\/\/cuistaxfanzine.com\/fr\/la-femme-squelette-my-atlegrim\/","title":{"rendered":"La femme squelette &#8211; My Atlegrim"},"content":{"rendered":"\n<p><strong>My Atlegrim<\/strong> \u00e9tait notre amie et collaboratrice au sein de Cuistax, elle a disparu lors des attentats du 22 mars 2016 \u00e0 Bruxelles. Nous avons d\u00e9cid\u00e9 d&rsquo;\u00e9diter un de ses beaux projets de livre illustr\u00e9, la Femme squelette (texte de Clarissa Pinkola Est\u00e9s) en risographie et s\u00e9rigraphie, en tirage limit\u00e9. <\/p>\n\n\n\n<p><em>Il est disponible \u00e0 Bruxelles \u00e0 la librairie Les Yeux Gourmands (17 \u20ac, format 17,5&#215;26 cm)<\/em> <\/p>\n","protected":false},"excerpt":{"rendered":"<p>My Atlegrim \u00e9tait notre amie et collaboratrice au sein de Cuistax, elle a disparu lors des attentats du 22 mars 2016 \u00e0 Bruxelles. Nous avons d\u00e9cid\u00e9 d&rsquo;\u00e9diter un de ses beaux projets de livre illustr\u00e9, la Femme squelette (texte de Clarissa Pinkola Est\u00e9s) en risographie et s\u00e9rigraphie, en tirage limit\u00e9. Il est disponible \u00e0 Bruxelles [&hellip;]<\/p>\n","protected":false},"author":2,"featured_media":2573,"parent":0,"menu_order":0,"comment_status":"closed","ping_status":"closed","template":"","meta":{"footnotes":""},"acf":[],"yoast_head":"<!-- This site is optimized with the Yoast SEO plugin v23.0 - https:\/\/yoast.com\/wordpress\/plugins\/seo\/ -->\n<title>La femme squelette - My Atlegrim &#8212; Cuistax<\/title>\n<meta name=\"robots\" content=\"index, follow, max-snippet:-1, max-image-preview:large, max-video-preview:-1\" \/>\n<link rel=\"canonical\" href=\"https:\/\/cuistaxfanzine.com\/fr\/la-femme-squelette-my-atlegrim\/\" \/>\n<meta property=\"og:locale\" content=\"fr_FR\" \/>\n<meta property=\"og:type\" content=\"article\" \/>\n<meta property=\"og:title\" content=\"La femme squelette - My Atlegrim &#8212; Cuistax\" \/>\n<meta property=\"og:description\" content=\"My Atlegrim \u00e9tait notre amie et collaboratrice au sein de Cuistax, elle a disparu lors des attentats du 22 mars 2016 \u00e0 Bruxelles. Nous avons d\u00e9cid\u00e9 d&rsquo;\u00e9diter un de ses beaux projets de livre illustr\u00e9, la Femme squelette (texte de Clarissa Pinkola Est\u00e9s) en risographie et s\u00e9rigraphie, en tirage limit\u00e9. Il est disponible \u00e0 Bruxelles [&hellip;]\" \/>\n<meta property=\"og:url\" content=\"https:\/\/cuistaxfanzine.com\/fr\/la-femme-squelette-my-atlegrim\/\" \/>\n<meta property=\"og:site_name\" content=\"Cuistax\" \/>\n<meta property=\"article:modified_time\" content=\"2022-07-06T11:28:25+00:00\" \/>\n<meta property=\"og:image\" content=\"https:\/\/cuistaxfanzine.com\/wp-content\/uploads\/2022\/02\/Capture-dee\u030ccran-2022-02-08-aE\u030c-13.33.18.png\" \/>\n\t<meta property=\"og:image:width\" content=\"796\" \/>\n\t<meta property=\"og:image:height\" content=\"575\" \/>\n\t<meta property=\"og:image:type\" content=\"image\/png\" \/>\n<meta name=\"twitter:card\" content=\"summary_large_image\" \/>\n<meta name=\"twitter:label1\" content=\"Dur\u00e9e de lecture estim\u00e9e\" \/>\n\t<meta name=\"twitter:data1\" content=\"1 minute\" \/>\n<script type=\"application\/ld+json\" class=\"yoast-schema-graph\">{\"@context\":\"https:\/\/schema.org\",\"@graph\":[{\"@type\":\"WebPage\",\"@id\":\"https:\/\/cuistaxfanzine.com\/fr\/la-femme-squelette-my-atlegrim\/\",\"url\":\"https:\/\/cuistaxfanzine.com\/fr\/la-femme-squelette-my-atlegrim\/\",\"name\":\"La femme squelette - My Atlegrim &#8212; Cuistax\",\"isPartOf\":{\"@id\":\"https:\/\/cuistaxfanzine.com\/fr\/#website\"},\"primaryImageOfPage\":{\"@id\":\"https:\/\/cuistaxfanzine.com\/fr\/la-femme-squelette-my-atlegrim\/#primaryimage\"},\"image\":{\"@id\":\"https:\/\/cuistaxfanzine.com\/fr\/la-femme-squelette-my-atlegrim\/#primaryimage\"},\"thumbnailUrl\":\"https:\/\/cuistaxfanzine.com\/wp-content\/uploads\/2022\/02\/Capture-dee\u030ccran-2022-02-08-aE\u030c-13.33.18.png\",\"datePublished\":\"2022-02-09T09:21:48+00:00\",\"dateModified\":\"2022-07-06T11:28:25+00:00\",\"breadcrumb\":{\"@id\":\"https:\/\/cuistaxfanzine.com\/fr\/la-femme-squelette-my-atlegrim\/#breadcrumb\"},\"inLanguage\":\"fr-FR\",\"potentialAction\":[{\"@type\":\"ReadAction\",\"target\":[\"https:\/\/cuistaxfanzine.com\/fr\/la-femme-squelette-my-atlegrim\/\"]}]},{\"@type\":\"ImageObject\",\"inLanguage\":\"fr-FR\",\"@id\":\"https:\/\/cuistaxfanzine.com\/fr\/la-femme-squelette-my-atlegrim\/#primaryimage\",\"url\":\"https:\/\/cuistaxfanzine.com\/wp-content\/uploads\/2022\/02\/Capture-dee\u030ccran-2022-02-08-aE\u030c-13.33.18.png\",\"contentUrl\":\"https:\/\/cuistaxfanzine.com\/wp-content\/uploads\/2022\/02\/Capture-dee\u030ccran-2022-02-08-aE\u030c-13.33.18.png\",\"width\":796,\"height\":575},{\"@type\":\"BreadcrumbList\",\"@id\":\"https:\/\/cuistaxfanzine.com\/fr\/la-femme-squelette-my-atlegrim\/#breadcrumb\",\"itemListElement\":[{\"@type\":\"ListItem\",\"position\":1,\"name\":\"Accueil\",\"item\":\"https:\/\/cuistaxfanzine.com\/fr\/\"},{\"@type\":\"ListItem\",\"position\":2,\"name\":\"La femme squelette &#8211; My Atlegrim\"}]},{\"@type\":\"WebSite\",\"@id\":\"https:\/\/cuistaxfanzine.com\/fr\/#website\",\"url\":\"https:\/\/cuistaxfanzine.com\/fr\/\",\"name\":\"Cuistax\",\"description\":\"\",\"potentialAction\":[{\"@type\":\"SearchAction\",\"target\":{\"@type\":\"EntryPoint\",\"urlTemplate\":\"https:\/\/cuistaxfanzine.com\/fr\/?s={search_term_string}\"},\"query-input\":\"required name=search_term_string\"}],\"inLanguage\":\"fr-FR\"}]}<\/script>\n<!-- \/ Yoast SEO plugin. -->","yoast_head_json":{"title":"La femme squelette - My Atlegrim &#8212; Cuistax","robots":{"index":"index","follow":"follow","max-snippet":"max-snippet:-1","max-image-preview":"max-image-preview:large","max-video-preview":"max-video-preview:-1"},"canonical":"https:\/\/cuistaxfanzine.com\/fr\/la-femme-squelette-my-atlegrim\/","og_locale":"fr_FR","og_type":"article","og_title":"La femme squelette - My Atlegrim &#8212; Cuistax","og_description":"My Atlegrim \u00e9tait notre amie et collaboratrice au sein de Cuistax, elle a disparu lors des attentats du 22 mars 2016 \u00e0 Bruxelles. Nous avons d\u00e9cid\u00e9 d&rsquo;\u00e9diter un de ses beaux projets de livre illustr\u00e9, la Femme squelette (texte de Clarissa Pinkola Est\u00e9s) en risographie et s\u00e9rigraphie, en tirage limit\u00e9. Il est disponible \u00e0 Bruxelles [&hellip;]","og_url":"https:\/\/cuistaxfanzine.com\/fr\/la-femme-squelette-my-atlegrim\/","og_site_name":"Cuistax","article_modified_time":"2022-07-06T11:28:25+00:00","og_image":[{"width":796,"height":575,"url":"https:\/\/cuistaxfanzine.com\/wp-content\/uploads\/2022\/02\/Capture-dee\u030ccran-2022-02-08-aE\u030c-13.33.18.png","type":"image\/png"}],"twitter_card":"summary_large_image","twitter_misc":{"Dur\u00e9e de lecture estim\u00e9e":"1 minute"},"schema":{"@context":"https:\/\/schema.org","@graph":[{"@type":"WebPage","@id":"https:\/\/cuistaxfanzine.com\/fr\/la-femme-squelette-my-atlegrim\/","url":"https:\/\/cuistaxfanzine.com\/fr\/la-femme-squelette-my-atlegrim\/","name":"La femme squelette - My Atlegrim &#8212; Cuistax","isPartOf":{"@id":"https:\/\/cuistaxfanzine.com\/fr\/#website"},"primaryImageOfPage":{"@id":"https:\/\/cuistaxfanzine.com\/fr\/la-femme-squelette-my-atlegrim\/#primaryimage"},"image":{"@id":"https:\/\/cuistaxfanzine.com\/fr\/la-femme-squelette-my-atlegrim\/#primaryimage"},"thumbnailUrl":"https:\/\/cuistaxfanzine.com\/wp-content\/uploads\/2022\/02\/Capture-dee\u030ccran-2022-02-08-aE\u030c-13.33.18.png","datePublished":"2022-02-09T09:21:48+00:00","dateModified":"2022-07-06T11:28:25+00:00","breadcrumb":{"@id":"https:\/\/cuistaxfanzine.com\/fr\/la-femme-squelette-my-atlegrim\/#breadcrumb"},"inLanguage":"fr-FR","potentialAction":[{"@type":"ReadAction","target":["https:\/\/cuistaxfanzine.com\/fr\/la-femme-squelette-my-atlegrim\/"]}]},{"@type":"ImageObject","inLanguage":"fr-FR","@id":"https:\/\/cuistaxfanzine.com\/fr\/la-femme-squelette-my-atlegrim\/#primaryimage","url":"https:\/\/cuistaxfanzine.com\/wp-content\/uploads\/2022\/02\/Capture-dee\u030ccran-2022-02-08-aE\u030c-13.33.18.png","contentUrl":"https:\/\/cuistaxfanzine.com\/wp-content\/uploads\/2022\/02\/Capture-dee\u030ccran-2022-02-08-aE\u030c-13.33.18.png","width":796,"height":575},{"@type":"BreadcrumbList","@id":"https:\/\/cuistaxfanzine.com\/fr\/la-femme-squelette-my-atlegrim\/#breadcrumb","itemListElement":[{"@type":"ListItem","position":1,"name":"Accueil","item":"https:\/\/cuistaxfanzine.com\/fr\/"},{"@type":"ListItem","position":2,"name":"La femme squelette &#8211; My Atlegrim"}]},{"@type":"WebSite","@id":"https:\/\/cuistaxfanzine.com\/fr\/#website","url":"https:\/\/cuistaxfanzine.com\/fr\/","name":"Cuistax","description":"","potentialAction":[{"@type":"SearchAction","target":{"@type":"EntryPoint","urlTemplate":"https:\/\/cuistaxfanzine.com\/fr\/?s={search_term_string}"},"query-input":"required name=search_term_string"}],"inLanguage":"fr-FR"}]}},"_links":{"self":[{"href":"https:\/\/cuistaxfanzine.com\/fr\/wp-json\/wp\/v2\/pages\/2521"}],"collection":[{"href":"https:\/\/cuistaxfanzine.com\/fr\/wp-json\/wp\/v2\/pages"}],"about":[{"href":"https:\/\/cuistaxfanzine.com\/fr\/wp-json\/wp\/v2\/types\/page"}],"author":[{"embeddable":true,"href":"https:\/\/cuistaxfanzine.com\/fr\/wp-json\/wp\/v2\/users\/2"}],"replies":[{"embeddable":true,"href":"https:\/\/cuistaxfanzine.com\/fr\/wp-json\/wp\/v2\/comments?post=2521"}],"version-history":[{"count":32,"href":"https:\/\/cuistaxfanzine.com\/fr\/wp-json\/wp\/v2\/pages\/2521\/revisions"}],"predecessor-version":[{"id":2762,"href":"https:\/\/cuistaxfanzine.com\/fr\/wp-json\/wp\/v2\/pages\/2521\/revisions\/2762"}],"wp:featuredmedia":[{"embeddable":true,"href":"https:\/\/cuistaxfanzine.com\/fr\/wp-json\/wp\/v2\/media\/2573"}],"wp:attachment":[{"href":"https:\/\/cuistaxfanzine.com\/fr\/wp-json\/wp\/v2\/media?parent=2521"}],"curies":[{"name":"wp","href":"https:\/\/api.w.org\/{rel}","templated":true}]}}