{"id":47,"date":"2021-06-17T17:40:05","date_gmt":"2021-06-17T15:40:05","guid":{"rendered":"http:\/\/localhost:8888\/cuistax\/accueil\/"},"modified":"2022-07-05T10:50:35","modified_gmt":"2022-07-05T08:50:35","slug":"accueil-2","status":"publish","type":"page","link":"https:\/\/cuistaxfanzine.com\/nl\/","title":{"rendered":"Le fanzine bruxellois pour les enfants NL 2&#038;"},"content":{"rendered":"\n<p>Un CUISTAX est un grand v\u00e9lo que l&#8217;on peut emprunter \u00e0 plusieurs pour sillonner la c\u00f4te belge. Mais CUISTAX c&#8217;est aussi : UN COLLECTIF d\u2019auteurs et d\u2019illustrateurs bruxellois et UN FANZINE POUR ENFANTS, r\u00e9dig\u00e9 en deux langues FR\/NL, imprim\u00e9 en deux couleurs et en risographie \u00e0 Bruxelles. Dans un CUISTAX on trouve des belles et\/ou dr\u00f4les histoires, des jeux, des tours de magie, des bricolages, un poster et une surprise !<\/p>\n","protected":false},"excerpt":{"rendered":"<p>Un CUISTAX est un grand v\u00e9lo que l&#8217;on peut emprunter \u00e0 plusieurs pour sillonner la c\u00f4te belge. Mais CUISTAX c&#8217;est aussi : UN COLLECTIF d\u2019auteurs et d\u2019illustrateurs bruxellois et UN FANZINE POUR ENFANTS, r\u00e9dig\u00e9 en deux langues FR\/NL, imprim\u00e9 en deux couleurs et en risographie \u00e0 Bruxelles. Dans un CUISTAX on trouve des belles et\/ou [&hellip;]<\/p>\n","protected":false},"author":1,"featured_media":0,"parent":0,"menu_order":0,"comment_status":"closed","ping_status":"closed","template":"","meta":{"footnotes":""},"acf":[],"yoast_head":"<!-- This site is optimized with the Yoast SEO plugin v23.0 - https:\/\/yoast.com\/wordpress\/plugins\/seo\/ -->\n<title>Le fanzine bruxellois pour les enfants NL 2&amp; &#8212; Cuistax<\/title>\n<meta name=\"robots\" content=\"index, follow, max-snippet:-1, max-image-preview:large, max-video-preview:-1\" \/>\n<link rel=\"canonical\" href=\"https:\/\/cuistaxfanzine.com\/nl\/\" \/>\n<meta property=\"og:locale\" content=\"nl_NL\" \/>\n<meta property=\"og:type\" content=\"article\" \/>\n<meta property=\"og:title\" content=\"Le fanzine bruxellois pour les enfants NL 2&amp; &#8212; Cuistax\" \/>\n<meta property=\"og:description\" content=\"Un CUISTAX est un grand v\u00e9lo que l&#8217;on peut emprunter \u00e0 plusieurs pour sillonner la c\u00f4te belge. Mais CUISTAX c&#8217;est aussi : UN COLLECTIF d\u2019auteurs et d\u2019illustrateurs bruxellois et UN FANZINE POUR ENFANTS, r\u00e9dig\u00e9 en deux langues FR\/NL, imprim\u00e9 en deux couleurs et en risographie \u00e0 Bruxelles. Dans un CUISTAX on trouve des belles et\/ou [&hellip;]\" \/>\n<meta property=\"og:url\" content=\"https:\/\/cuistaxfanzine.com\/nl\/\" \/>\n<meta property=\"og:site_name\" content=\"Cuistax\" \/>\n<meta property=\"article:modified_time\" content=\"2022-07-05T08:50:35+00:00\" \/>\n<meta name=\"twitter:card\" content=\"summary_large_image\" \/>\n<meta name=\"twitter:label1\" content=\"Geschatte leestijd\" \/>\n\t<meta name=\"twitter:data1\" content=\"1 minuut\" \/>\n<script type=\"application\/ld+json\" class=\"yoast-schema-graph\">{\"@context\":\"https:\/\/schema.org\",\"@graph\":[{\"@type\":\"WebPage\",\"@id\":\"https:\/\/cuistaxfanzine.com\/nl\/\",\"url\":\"https:\/\/cuistaxfanzine.com\/nl\/\",\"name\":\"Le fanzine bruxellois pour les enfants NL 2& &#8212; Cuistax\",\"isPartOf\":{\"@id\":\"https:\/\/cuistaxfanzine.com\/fr\/#website\"},\"datePublished\":\"2021-06-17T15:40:05+00:00\",\"dateModified\":\"2022-07-05T08:50:35+00:00\",\"breadcrumb\":{\"@id\":\"https:\/\/cuistaxfanzine.com\/nl\/#breadcrumb\"},\"inLanguage\":\"nl-NL\",\"potentialAction\":[{\"@type\":\"ReadAction\",\"target\":[\"https:\/\/cuistaxfanzine.com\/nl\/\"]}]},{\"@type\":\"BreadcrumbList\",\"@id\":\"https:\/\/cuistaxfanzine.com\/nl\/#breadcrumb\",\"itemListElement\":[{\"@type\":\"ListItem\",\"position\":1,\"name\":\"Accueil\",\"item\":\"https:\/\/cuistaxfanzine.com\/nl\/\"},{\"@type\":\"ListItem\",\"position\":2,\"name\":\"Le fanzine bruxellois pour les enfants NL 2&#038;\"}]},{\"@type\":\"WebSite\",\"@id\":\"https:\/\/cuistaxfanzine.com\/fr\/#website\",\"url\":\"https:\/\/cuistaxfanzine.com\/fr\/\",\"name\":\"Cuistax\",\"description\":\"\",\"potentialAction\":[{\"@type\":\"SearchAction\",\"target\":{\"@type\":\"EntryPoint\",\"urlTemplate\":\"https:\/\/cuistaxfanzine.com\/fr\/?s={search_term_string}\"},\"query-input\":\"required name=search_term_string\"}],\"inLanguage\":\"nl-NL\"}]}<\/script>\n<!-- \/ Yoast SEO plugin. -->","yoast_head_json":{"title":"Le fanzine bruxellois pour les enfants NL 2& &#8212; Cuistax","robots":{"index":"index","follow":"follow","max-snippet":"max-snippet:-1","max-image-preview":"max-image-preview:large","max-video-preview":"max-video-preview:-1"},"canonical":"https:\/\/cuistaxfanzine.com\/nl\/","og_locale":"nl_NL","og_type":"article","og_title":"Le fanzine bruxellois pour les enfants NL 2& &#8212; Cuistax","og_description":"Un CUISTAX est un grand v\u00e9lo que l&#8217;on peut emprunter \u00e0 plusieurs pour sillonner la c\u00f4te belge. Mais CUISTAX c&#8217;est aussi : UN COLLECTIF d\u2019auteurs et d\u2019illustrateurs bruxellois et UN FANZINE POUR ENFANTS, r\u00e9dig\u00e9 en deux langues FR\/NL, imprim\u00e9 en deux couleurs et en risographie \u00e0 Bruxelles. Dans un CUISTAX on trouve des belles et\/ou [&hellip;]","og_url":"https:\/\/cuistaxfanzine.com\/nl\/","og_site_name":"Cuistax","article_modified_time":"2022-07-05T08:50:35+00:00","twitter_card":"summary_large_image","twitter_misc":{"Geschatte leestijd":"1 minuut"},"schema":{"@context":"https:\/\/schema.org","@graph":[{"@type":"WebPage","@id":"https:\/\/cuistaxfanzine.com\/nl\/","url":"https:\/\/cuistaxfanzine.com\/nl\/","name":"Le fanzine bruxellois pour les enfants NL 2& &#8212; Cuistax","isPartOf":{"@id":"https:\/\/cuistaxfanzine.com\/fr\/#website"},"datePublished":"2021-06-17T15:40:05+00:00","dateModified":"2022-07-05T08:50:35+00:00","breadcrumb":{"@id":"https:\/\/cuistaxfanzine.com\/nl\/#breadcrumb"},"inLanguage":"nl-NL","potentialAction":[{"@type":"ReadAction","target":["https:\/\/cuistaxfanzine.com\/nl\/"]}]},{"@type":"BreadcrumbList","@id":"https:\/\/cuistaxfanzine.com\/nl\/#breadcrumb","itemListElement":[{"@type":"ListItem","position":1,"name":"Accueil","item":"https:\/\/cuistaxfanzine.com\/nl\/"},{"@type":"ListItem","position":2,"name":"Le fanzine bruxellois pour les enfants NL 2&#038;"}]},{"@type":"WebSite","@id":"https:\/\/cuistaxfanzine.com\/fr\/#website","url":"https:\/\/cuistaxfanzine.com\/fr\/","name":"Cuistax","description":"","potentialAction":[{"@type":"SearchAction","target":{"@type":"EntryPoint","urlTemplate":"https:\/\/cuistaxfanzine.com\/fr\/?s={search_term_string}"},"query-input":"required name=search_term_string"}],"inLanguage":"nl-NL"}]}},"_links":{"self":[{"href":"https:\/\/cuistaxfanzine.com\/nl\/wp-json\/wp\/v2\/pages\/47"}],"collection":[{"href":"https:\/\/cuistaxfanzine.com\/nl\/wp-json\/wp\/v2\/pages"}],"about":[{"href":"https:\/\/cuistaxfanzine.com\/nl\/wp-json\/wp\/v2\/types\/page"}],"author":[{"embeddable":true,"href":"https:\/\/cuistaxfanzine.com\/nl\/wp-json\/wp\/v2\/users\/1"}],"replies":[{"embeddable":true,"href":"https:\/\/cuistaxfanzine.com\/nl\/wp-json\/wp\/v2\/comments?post=47"}],"version-history":[{"count":7,"href":"https:\/\/cuistaxfanzine.com\/nl\/wp-json\/wp\/v2\/pages\/47\/revisions"}],"predecessor-version":[{"id":2758,"href":"https:\/\/cuistaxfanzine.com\/nl\/wp-json\/wp\/v2\/pages\/47\/revisions\/2758"}],"wp:attachment":[{"href":"https:\/\/cuistaxfanzine.com\/nl\/wp-json\/wp\/v2\/media?parent=47"}],"curies":[{"name":"wp","href":"https:\/\/api.w.org\/{rel}","templated":true}]}}